{"id":1156,"date":"2019-02-06T12:24:44","date_gmt":"2019-02-06T10:24:44","guid":{"rendered":"http:\/\/www.schneiderhof.com\/cms\/?page_id=1156"},"modified":"2020-07-03T03:01:37","modified_gmt":"2020-07-03T01:01:37","slug":"datenschutzerklaerung","status":"publish","type":"page","link":"https:\/\/www.schneiderhof.com\/cms\/datenschutzerklaerung\/","title":{"rendered":"Datenschutzerkl\u00e4rung"},"content":{"rendered":"<h3 id=\"heading_Erklaerung_zur_Informationspflicht_2\">Erkl\u00e4rung zur Informationspflicht<\/h3>\n<h4 id=\"heading__Datenschutzerklaerung_\">(Datenschutzerkl\u00e4rung)<\/h4>\n<p>Der Schutz Ihrer pers\u00f6nlichen Daten ist uns ein besonderes Anliegen. Wir verarbeiten Ihre Daten daher ausschlie\u00dflich auf Grundlage der gesetzlichen Bestimmungen (DSGVO, TKG 2003). In diesen Datenschutzinformationen informieren wir Sie \u00fcber die wichtigsten Aspekte der Datenverarbeitung im Rahmen unserer Website.<\/p>\n<h4 id=\"heading_Kontakt_mit_uns\">Kontakt mit uns<\/h4>\n<p>Wenn Sie per Formular auf der Website oder per E-Mail Kontakt mit uns aufnehmen, werden Ihre angegebenen Daten zwecks Bearbeitung der Anfrage und f\u00fcr den Fall von Anschlussfragen sechs Monate bei uns gespeichert. Diese Daten geben wir nicht ohne Ihre Einwilligung weiter.<\/p>\n<p>&nbsp;<\/p>\n<h4 id=\"heading_Ihre_Rechte\">Ihre Rechte<\/h4>\n<p>Ihnen stehen bez\u00fcglich Ihrer bei uns gespeicherten Daten\u00a0grunds\u00e4tzlich die Rechte auf Auskunft, Berichtigung, L\u00f6schung, Einschr\u00e4nkung, Daten\u00fcbertragbarkeit, Widerruf und Widerspruch zu. Wenn Sie glauben, dass die Verarbeitung Ihrer Daten gegen das Datenschutzrecht verst\u00f6\u00dft oder Ihre datenschutzrechtlichen Anspr\u00fcche sonst in einer Weise verletzt worden sind, k\u00f6nnen Sie sich bei der\u00a0uns <i>schneiderhof@aon.at<\/i> oder der Datenschutzbeh\u00f6rde beschweren.<\/p>\n<h4 id=\"heading_Sie_erreichen_uns_unter_folgenden_Kontaktdaten_\">Sie erreichen uns unter folgenden Kontaktdaten:<\/h4>\n<p>Franz Neuner<br \/>\nPlaik 95<br \/>\n6105 Leutasch \/ Austria \/ Tirol<\/p>\n<p>Telefon: 0043 (0)664 21 21 041<br \/>\nTelefon &amp; Fax: 0043 (0)5214 6373<br \/>\nE-mail: schneiderhof@aon.at<br \/>\n<a href=\"https:\/\/essaywriting.org\/\">essay writer<\/a><\/p>\n","protected":false},"excerpt":{"rendered":"<p>Erkl\u00e4rung zur Informationspflicht (Datenschutzerkl\u00e4rung) Der Schutz Ihrer pers\u00f6nlichen Daten ist uns ein besonderes Anliegen. Wir verarbeiten Ihre Daten daher ausschlie\u00dflich auf Grundlage der gesetzlichen Bestimmungen (DSGVO, TKG 2003). In diesen Datenschutzinformationen informieren wir Sie \u00fcber die wichtigsten Aspekte der Datenverarbeitung im Rahmen unserer Website. Kontakt mit uns Wenn Sie per Formular auf der Website oder per E-Mail Kontakt mit uns aufnehmen, werden Ihre angegebenen Daten zwecks Bearbeitung der Anfrage und f\u00fcr den Fall von Anschlussfragen sechs Monate bei uns gespeichert. Diese Daten geben wir nicht ohne Ihre Einwilligung weiter. &nbsp; Ihre Rechte Ihnen stehen bez\u00fcglich Ihrer bei uns gespeicherten Daten\u00a0grunds\u00e4tzlich&nbsp;<a href=\"https:\/\/www.schneiderhof.com\/cms\/datenschutzerklaerung\/\" class=\"read-more\">Continue Reading<\/a><\/p>\n","protected":false},"author":1,"featured_media":0,"parent":0,"menu_order":0,"comment_status":"closed","ping_status":"closed","template":"","meta":{"footnotes":""},"class_list":["post-1156","page","type-page","status-publish","hentry"],"yoast_head":"<!-- This site is optimized with the Yoast SEO plugin v25.3.1 - https:\/\/yoast.com\/wordpress\/plugins\/seo\/ -->\n<title>Datenschutzerkl\u00e4rung - Agrardienste Franz Neuner<\/title>\n<meta name=\"description\" content=\"Auf landwirtschaftliche Agrardienste und Rinderzucht - Rasse Galloway spezialisierter Betrieb. Bietet auch Spritzbegr\u00fcnung, Heu- Tansporte und Schneer\u00e4umung\" \/>\n<meta name=\"robots\" content=\"index, follow, max-snippet:-1, max-image-preview:large, max-video-preview:-1\" \/>\n<link rel=\"canonical\" href=\"https:\/\/www.schneiderhof.com\/cms\/datenschutzerklaerung\/\" \/>\n<meta name=\"twitter:label1\" content=\"Gesch\u00e4tzte Lesezeit\" \/>\n\t<meta name=\"twitter:data1\" content=\"1\u00a0Minute\" \/>\n<script type=\"application\/ld+json\" class=\"yoast-schema-graph\">{\"@context\":\"https:\/\/schema.org\",\"@graph\":[{\"@type\":\"WebPage\",\"@id\":\"https:\/\/www.schneiderhof.com\/cms\/datenschutzerklaerung\/\",\"url\":\"https:\/\/www.schneiderhof.com\/cms\/datenschutzerklaerung\/\",\"name\":\"Datenschutzerkl\u00e4rung - Agrardienste Franz Neuner\",\"isPartOf\":{\"@id\":\"https:\/\/www.schneiderhof.com\/cms\/#website\"},\"datePublished\":\"2019-02-06T10:24:44+00:00\",\"dateModified\":\"2020-07-03T01:01:37+00:00\",\"description\":\"Auf landwirtschaftliche Agrardienste und Rinderzucht - Rasse Galloway spezialisierter Betrieb. Bietet auch Spritzbegr\u00fcnung, Heu- Tansporte und Schneer\u00e4umung\",\"breadcrumb\":{\"@id\":\"https:\/\/www.schneiderhof.com\/cms\/datenschutzerklaerung\/#breadcrumb\"},\"inLanguage\":\"de\",\"potentialAction\":[{\"@type\":\"ReadAction\",\"target\":[\"https:\/\/www.schneiderhof.com\/cms\/datenschutzerklaerung\/\"]}]},{\"@type\":\"BreadcrumbList\",\"@id\":\"https:\/\/www.schneiderhof.com\/cms\/datenschutzerklaerung\/#breadcrumb\",\"itemListElement\":[{\"@type\":\"ListItem\",\"position\":1,\"name\":\"Home\",\"item\":\"https:\/\/www.schneiderhof.com\/cms\/\"},{\"@type\":\"ListItem\",\"position\":2,\"name\":\"Datenschutzerkl\u00e4rung\"}]},{\"@type\":\"WebSite\",\"@id\":\"https:\/\/www.schneiderhof.com\/cms\/#website\",\"url\":\"https:\/\/www.schneiderhof.com\/cms\/\",\"name\":\"Franz Neuner\",\"description\":\"Transporte \u2022 Agrardienste \u2022 Rinderzucht\",\"potentialAction\":[{\"@type\":\"SearchAction\",\"target\":{\"@type\":\"EntryPoint\",\"urlTemplate\":\"https:\/\/www.schneiderhof.com\/cms\/?s={search_term_string}\"},\"query-input\":{\"@type\":\"PropertyValueSpecification\",\"valueRequired\":true,\"valueName\":\"search_term_string\"}}],\"inLanguage\":\"de\"}]}<\/script>\n<!-- \/ Yoast SEO plugin. -->","yoast_head_json":{"title":"Datenschutzerkl\u00e4rung - Agrardienste Franz Neuner","description":"Auf landwirtschaftliche Agrardienste und Rinderzucht - Rasse Galloway spezialisierter Betrieb. Bietet auch Spritzbegr\u00fcnung, Heu- Tansporte und Schneer\u00e4umung","robots":{"index":"index","follow":"follow","max-snippet":"max-snippet:-1","max-image-preview":"max-image-preview:large","max-video-preview":"max-video-preview:-1"},"canonical":"https:\/\/www.schneiderhof.com\/cms\/datenschutzerklaerung\/","twitter_misc":{"Gesch\u00e4tzte Lesezeit":"1\u00a0Minute"},"schema":{"@context":"https:\/\/schema.org","@graph":[{"@type":"WebPage","@id":"https:\/\/www.schneiderhof.com\/cms\/datenschutzerklaerung\/","url":"https:\/\/www.schneiderhof.com\/cms\/datenschutzerklaerung\/","name":"Datenschutzerkl\u00e4rung - Agrardienste Franz Neuner","isPartOf":{"@id":"https:\/\/www.schneiderhof.com\/cms\/#website"},"datePublished":"2019-02-06T10:24:44+00:00","dateModified":"2020-07-03T01:01:37+00:00","description":"Auf landwirtschaftliche Agrardienste und Rinderzucht - Rasse Galloway spezialisierter Betrieb. Bietet auch Spritzbegr\u00fcnung, Heu- Tansporte und Schneer\u00e4umung","breadcrumb":{"@id":"https:\/\/www.schneiderhof.com\/cms\/datenschutzerklaerung\/#breadcrumb"},"inLanguage":"de","potentialAction":[{"@type":"ReadAction","target":["https:\/\/www.schneiderhof.com\/cms\/datenschutzerklaerung\/"]}]},{"@type":"BreadcrumbList","@id":"https:\/\/www.schneiderhof.com\/cms\/datenschutzerklaerung\/#breadcrumb","itemListElement":[{"@type":"ListItem","position":1,"name":"Home","item":"https:\/\/www.schneiderhof.com\/cms\/"},{"@type":"ListItem","position":2,"name":"Datenschutzerkl\u00e4rung"}]},{"@type":"WebSite","@id":"https:\/\/www.schneiderhof.com\/cms\/#website","url":"https:\/\/www.schneiderhof.com\/cms\/","name":"Franz Neuner","description":"Transporte \u2022 Agrardienste \u2022 Rinderzucht","potentialAction":[{"@type":"SearchAction","target":{"@type":"EntryPoint","urlTemplate":"https:\/\/www.schneiderhof.com\/cms\/?s={search_term_string}"},"query-input":{"@type":"PropertyValueSpecification","valueRequired":true,"valueName":"search_term_string"}}],"inLanguage":"de"}]}},"_links":{"self":[{"href":"https:\/\/www.schneiderhof.com\/cms\/wp-json\/wp\/v2\/pages\/1156","targetHints":{"allow":["GET"]}}],"collection":[{"href":"https:\/\/www.schneiderhof.com\/cms\/wp-json\/wp\/v2\/pages"}],"about":[{"href":"https:\/\/www.schneiderhof.com\/cms\/wp-json\/wp\/v2\/types\/page"}],"author":[{"embeddable":true,"href":"https:\/\/www.schneiderhof.com\/cms\/wp-json\/wp\/v2\/users\/1"}],"replies":[{"embeddable":true,"href":"https:\/\/www.schneiderhof.com\/cms\/wp-json\/wp\/v2\/comments?post=1156"}],"version-history":[{"count":3,"href":"https:\/\/www.schneiderhof.com\/cms\/wp-json\/wp\/v2\/pages\/1156\/revisions"}],"predecessor-version":[{"id":2038,"href":"https:\/\/www.schneiderhof.com\/cms\/wp-json\/wp\/v2\/pages\/1156\/revisions\/2038"}],"wp:attachment":[{"href":"https:\/\/www.schneiderhof.com\/cms\/wp-json\/wp\/v2\/media?parent=1156"}],"curies":[{"name":"wp","href":"https:\/\/api.w.org\/{rel}","templated":true}]}}