{"id":5,"date":"2011-07-14T19:45:29","date_gmt":"2011-07-14T19:45:29","guid":{"rendered":"http:\/\/your_website_url_here\/?page_id=5"},"modified":"2019-04-04T11:43:46","modified_gmt":"2019-04-04T09:43:46","slug":"betrieb","status":"publish","type":"page","link":"https:\/\/www.schneiderhof.com\/cms\/betrieb\/","title":{"rendered":"Der Betrieb"},"content":{"rendered":"<div class=\"grid_8 \"><h2>Der Betieb &#8211; 100% Biologisch<\/h2>\n<div class=\"frame alignleft\"><a href=\"https:\/\/www.schneiderhof.com\/cms\/wp-content\/uploads\/2011\/07\/Schneiderhof.png\"><img loading=\"lazy\" decoding=\"async\" class=\"alignleft wp-image-703\" title=\"about-img1\" src=\"https:\/\/www.schneiderhof.com\/cms\/wp-content\/uploads\/2011\/07\/Schneiderhof.png\" alt=\"\" width=\"600\" height=\"271\" srcset=\"https:\/\/www.schneiderhof.com\/cms\/wp-content\/uploads\/2011\/07\/Schneiderhof.png 964w, https:\/\/www.schneiderhof.com\/cms\/wp-content\/uploads\/2011\/07\/Schneiderhof-300x135.png 300w\" sizes=\"auto, (max-width: 600px) 100vw, 600px\" \/><\/a><\/div><!-- .frame (end) -->\n<h5>Solide, zuverl\u00e4ssig und 100% Biologisch<\/h5>\n<p>Der Betrieb\u00a0Franz Neuner und der Schneiderhof befinden sich im Leutaschtal inmitten \t<a href=\"https:\/\/bestessayes.com\/\" style=\"text-decoration: none; color:#333\">best essays<\/a> dem sch\u00f6nen Wettersteingebirge. Der Hof wurde im Jahr 1794 erbaut und laufend erweitert bzw. modernisiert. Der Betrieb rund um und mit Franz Neuner hat sich auf Rinderzucht der Rasse Galloway sowie auf Agrardienste wie Begr\u00fcnungstechniken, Schneer\u00e4umung und Transporte spezialisiert.\u00a0 Der Betrieb wir 100% biologisch gef\u00fchrt. Fleischprodukte und das Landwirtschaftliche Ertragsgut wird auf dem Hof vertrieben und auch geliefert.<\/p>\n<p><a href=\"https:\/\/www.schneiderhof.com\/cms\/wp-content\/uploads\/2011\/07\/Logo_Betrieb1.png\"><img loading=\"lazy\" decoding=\"async\" class=\"alignleft wp-image-949 size-full\" src=\"https:\/\/www.schneiderhof.com\/cms\/wp-content\/uploads\/2011\/07\/Logo_Betrieb1.png\" alt=\"\" width=\"607\" height=\"215\" srcset=\"https:\/\/www.schneiderhof.com\/cms\/wp-content\/uploads\/2011\/07\/Logo_Betrieb1.png 607w, https:\/\/www.schneiderhof.com\/cms\/wp-content\/uploads\/2011\/07\/Logo_Betrieb1-300x106.png 300w\" sizes=\"auto, (max-width: 607px) 100vw, 607px\" \/><\/a><\/p><\/div><div class=\"hr\"><!-- --><\/div>\n<div class=\"grid_4 \"><h2>Leistungs\u00fcbersicht<\/h2>\n<h5><a href=\"https:\/\/www.schneiderhof.com\/cms\/portfolio-view\/begruenung\/\">Spritzbeg\u00fcnung<\/a><\/h5>\n<p>Schnell und einfach begr\u00fcnen mit Spritzbegr\u00fcnung<\/p>\n<p>&nbsp;<\/p>\n<h5><a href=\"https:\/\/www.schneiderhof.com\/cms\/rinderzucht\/\">Rinderzucht<\/a><\/h5>\n<p>Galloway-Rind: eine kleine, friedfertige, hornlose aus dem S\u00fcdwesten Schottlands stammende<a href=\"https:\/\/chiefessays.net\/\" style=\"text-decoration: none; color:#333\">chiefessays.net<\/a>  Robust-Rinderrasse mit langem gewellten Deckhaar.<\/p>\n<p>&nbsp;<\/p>\n<h5><a href=\"https:\/\/www.schneiderhof.com\/cms\/fleischprodukte\/\">Fleischprodukte<\/a><\/h5>\n<p>Vom Filet bis zum Faschiertem: kr\u00e4ftiger, herzhafter Geschmack, sehr zart und saftig, besitzt ein au\u00dfergew\u00f6hnliches Aroma.<\/p>\n<p>&nbsp;<\/p>\n<h5><a href=\"https:\/\/www.schneiderhof.com\/cms\/portfolio-view\/agrardienste\/\">Landwirtschaft<\/a><\/h5>\n<p>G\u00fcnlandarbeiten, Rundballen- und Hochdruckpressen, Weidemunchen, sowie professionelle D\u00fcnung sowie Ein- &amp; Nachsaaten.<\/p>\n<p>&nbsp;<\/p>\n<h5><a href=\"https:\/\/www.schneiderhof.com\/cms\/portfolio-view\/schneeraeumung\/\">Schneer\u00e4umung<\/a><\/h5>\n<p>F\u00fcr die Sicherheit und Gew\u00e4hrleistung freier Stra\u00dfen sind wir im Winter f\u00fcr Sie mit Schneer\u00e4umarbeiten t\u00e4tig.<\/p>\n<p>&nbsp;<\/p>\n<h5><a href=\"https:\/\/www.schneiderhof.com\/cms\/portfolio-view\/transporte\/\">Transporte \/ Spezialtransporte<\/a><\/h5>\n<p>Es k\u00f6nnen sowohl gewerbliche als auch landwirtschaftliche Transporte durchgef\u00fchrt werden.<\/p>\n<p>&nbsp;<\/p>\n<h5><a href=\"https:\/\/www.schneiderhof.com\/cms\/portfolio-view\/maschinenring\/\">Maschinenringarbeiten<\/a><\/h5>\n<p>Unsere Dienstleistungen werden auch durch Vermittlung und Zusammenarbeit mit dem Maschinenring abgewickelt.<\/p>\n<p>&nbsp;<\/p>\n<h5><a href=\"https:\/\/www.schneiderhof.com\/cms\/portfolio-view\/heuprodukte\/\">Heuprodukte<\/a><\/h5>\n<p>Wir produzieren und liefern Heuprodukte speziell auch f\u00fcr Wildf\u00fctterungen.<\/p>\n<p>&nbsp;<\/p>\n<div class=\"hr\"><!-- --><\/div><\/div>\n<p>&nbsp;<\/p>\n<p>&nbsp;<\/p>\n<div id=\"jig1\" class=\"justified-image-grid jig-49cc765654f741ca67314837af838d20 jig-preset-global jig-source-wp-gallery\"><div class=\"jig-clearfix\"><\/div><noscript id=\"jig1-html\" class=\"justified-image-grid-html\" data-lazy-src=\"skiplazyload\" data-src=\"skipunveillazyload\"><ul><li><a href=\"https:\/\/www.schneiderhof.com\/cms\/wp-content\/uploads\/2011\/07\/Schneeraumen_Beitragsbild.jpg\" title=\"Schneeraumen_Beitragsbild\"><img loading=\"lazy\" decoding=\"async\" src=\"https:\/\/www.schneiderhof.com\/cms\/wp-content\/plugins\/justified-image-grid\/timthumb.php?src=https%3A%2F%2Fwww.schneiderhof.com%2Fcms%2Fwp-content%2Fuploads%2F2011%2F07%2FSchneeraumen_Beitragsbild.jpg&amp;h=280&amp;q=90&amp;f=.jpg\" alt=\"Schneeraumen_Beitragsbild\" width=\"373\" height=\"280\" \/><\/a><p class=\"jig-HTMLdescription\">Schneeraumen_Beitragsbild<\/p><\/li><li><a href=\"https:\/\/www.schneiderhof.com\/cms\/wp-content\/uploads\/2011\/07\/Galloway-30.jpg\"><img loading=\"lazy\" decoding=\"async\" src=\"https:\/\/www.schneiderhof.com\/cms\/wp-content\/plugins\/justified-image-grid\/timthumb.php?src=https%3A%2F%2Fwww.schneiderhof.com%2Fcms%2Fwp-content%2Fuploads%2F2011%2F07%2FGalloway-30.jpg&amp;h=280&amp;q=90&amp;f=.jpg\" alt=\"Ricoh Image\" width=\"373\" height=\"280\" \/><\/a><p class=\"jig-HTMLdescription\">Ricoh Image<\/p><\/li><\/ul><\/noscript><\/div>\n","protected":false},"excerpt":{"rendered":"<p>&nbsp; &nbsp;<\/p>\n","protected":false},"author":1,"featured_media":0,"parent":0,"menu_order":1,"comment_status":"closed","ping_status":"closed","template":"page-fullwidth.php","meta":{"footnotes":""},"class_list":["post-5","page","type-page","status-publish","hentry"],"yoast_head":"<!-- This site is optimized with the Yoast SEO plugin v25.3.1 - https:\/\/yoast.com\/wordpress\/plugins\/seo\/ -->\n<title>Schneiderhof Leutasch - Franz Neuner<\/title>\n<meta name=\"description\" content=\"Auf landwirtschaftliche Agrardienste und Rinderzucht - Rasse Galloway spezialisierter Betrieb. Bietet auch Spritzbegr\u00fcnung, Heu- Tansporte und Schneer\u00e4umung\" \/>\n<meta name=\"robots\" content=\"index, follow, max-snippet:-1, max-image-preview:large, max-video-preview:-1\" \/>\n<link rel=\"canonical\" href=\"https:\/\/www.schneiderhof.com\/cms\/betrieb\/\" \/>\n<meta name=\"twitter:label1\" content=\"Gesch\u00e4tzte Lesezeit\" \/>\n\t<meta name=\"twitter:data1\" content=\"1\u00a0Minute\" \/>\n<script type=\"application\/ld+json\" class=\"yoast-schema-graph\">{\"@context\":\"https:\/\/schema.org\",\"@graph\":[{\"@type\":\"WebPage\",\"@id\":\"https:\/\/www.schneiderhof.com\/cms\/betrieb\/\",\"url\":\"https:\/\/www.schneiderhof.com\/cms\/betrieb\/\",\"name\":\"Schneiderhof Leutasch - Franz Neuner\",\"isPartOf\":{\"@id\":\"https:\/\/www.schneiderhof.com\/cms\/#website\"},\"primaryImageOfPage\":{\"@id\":\"https:\/\/www.schneiderhof.com\/cms\/betrieb\/#primaryimage\"},\"image\":{\"@id\":\"https:\/\/www.schneiderhof.com\/cms\/betrieb\/#primaryimage\"},\"thumbnailUrl\":\"https:\/\/www.schneiderhof.com\/cms\/wp-content\/uploads\/2011\/07\/Schneiderhof.png\",\"datePublished\":\"2011-07-14T19:45:29+00:00\",\"dateModified\":\"2019-04-04T09:43:46+00:00\",\"description\":\"Auf landwirtschaftliche Agrardienste und Rinderzucht - Rasse Galloway spezialisierter Betrieb. Bietet auch Spritzbegr\u00fcnung, Heu- Tansporte und Schneer\u00e4umung\",\"breadcrumb\":{\"@id\":\"https:\/\/www.schneiderhof.com\/cms\/betrieb\/#breadcrumb\"},\"inLanguage\":\"de\",\"potentialAction\":[{\"@type\":\"ReadAction\",\"target\":[\"https:\/\/www.schneiderhof.com\/cms\/betrieb\/\"]}]},{\"@type\":\"ImageObject\",\"inLanguage\":\"de\",\"@id\":\"https:\/\/www.schneiderhof.com\/cms\/betrieb\/#primaryimage\",\"url\":\"https:\/\/www.schneiderhof.com\/cms\/wp-content\/uploads\/2011\/07\/Schneiderhof.png\",\"contentUrl\":\"https:\/\/www.schneiderhof.com\/cms\/wp-content\/uploads\/2011\/07\/Schneiderhof.png\"},{\"@type\":\"BreadcrumbList\",\"@id\":\"https:\/\/www.schneiderhof.com\/cms\/betrieb\/#breadcrumb\",\"itemListElement\":[{\"@type\":\"ListItem\",\"position\":1,\"name\":\"Home\",\"item\":\"https:\/\/www.schneiderhof.com\/cms\/\"},{\"@type\":\"ListItem\",\"position\":2,\"name\":\"Der Betrieb\"}]},{\"@type\":\"WebSite\",\"@id\":\"https:\/\/www.schneiderhof.com\/cms\/#website\",\"url\":\"https:\/\/www.schneiderhof.com\/cms\/\",\"name\":\"Franz Neuner\",\"description\":\"Transporte \u2022 Agrardienste \u2022 Rinderzucht\",\"potentialAction\":[{\"@type\":\"SearchAction\",\"target\":{\"@type\":\"EntryPoint\",\"urlTemplate\":\"https:\/\/www.schneiderhof.com\/cms\/?s={search_term_string}\"},\"query-input\":{\"@type\":\"PropertyValueSpecification\",\"valueRequired\":true,\"valueName\":\"search_term_string\"}}],\"inLanguage\":\"de\"}]}<\/script>\n<!-- \/ Yoast SEO plugin. -->","yoast_head_json":{"title":"Schneiderhof Leutasch - Franz Neuner","description":"Auf landwirtschaftliche Agrardienste und Rinderzucht - Rasse Galloway spezialisierter Betrieb. Bietet auch Spritzbegr\u00fcnung, Heu- Tansporte und Schneer\u00e4umung","robots":{"index":"index","follow":"follow","max-snippet":"max-snippet:-1","max-image-preview":"max-image-preview:large","max-video-preview":"max-video-preview:-1"},"canonical":"https:\/\/www.schneiderhof.com\/cms\/betrieb\/","twitter_misc":{"Gesch\u00e4tzte Lesezeit":"1\u00a0Minute"},"schema":{"@context":"https:\/\/schema.org","@graph":[{"@type":"WebPage","@id":"https:\/\/www.schneiderhof.com\/cms\/betrieb\/","url":"https:\/\/www.schneiderhof.com\/cms\/betrieb\/","name":"Schneiderhof Leutasch - Franz Neuner","isPartOf":{"@id":"https:\/\/www.schneiderhof.com\/cms\/#website"},"primaryImageOfPage":{"@id":"https:\/\/www.schneiderhof.com\/cms\/betrieb\/#primaryimage"},"image":{"@id":"https:\/\/www.schneiderhof.com\/cms\/betrieb\/#primaryimage"},"thumbnailUrl":"https:\/\/www.schneiderhof.com\/cms\/wp-content\/uploads\/2011\/07\/Schneiderhof.png","datePublished":"2011-07-14T19:45:29+00:00","dateModified":"2019-04-04T09:43:46+00:00","description":"Auf landwirtschaftliche Agrardienste und Rinderzucht - Rasse Galloway spezialisierter Betrieb. Bietet auch Spritzbegr\u00fcnung, Heu- Tansporte und Schneer\u00e4umung","breadcrumb":{"@id":"https:\/\/www.schneiderhof.com\/cms\/betrieb\/#breadcrumb"},"inLanguage":"de","potentialAction":[{"@type":"ReadAction","target":["https:\/\/www.schneiderhof.com\/cms\/betrieb\/"]}]},{"@type":"ImageObject","inLanguage":"de","@id":"https:\/\/www.schneiderhof.com\/cms\/betrieb\/#primaryimage","url":"https:\/\/www.schneiderhof.com\/cms\/wp-content\/uploads\/2011\/07\/Schneiderhof.png","contentUrl":"https:\/\/www.schneiderhof.com\/cms\/wp-content\/uploads\/2011\/07\/Schneiderhof.png"},{"@type":"BreadcrumbList","@id":"https:\/\/www.schneiderhof.com\/cms\/betrieb\/#breadcrumb","itemListElement":[{"@type":"ListItem","position":1,"name":"Home","item":"https:\/\/www.schneiderhof.com\/cms\/"},{"@type":"ListItem","position":2,"name":"Der Betrieb"}]},{"@type":"WebSite","@id":"https:\/\/www.schneiderhof.com\/cms\/#website","url":"https:\/\/www.schneiderhof.com\/cms\/","name":"Franz Neuner","description":"Transporte \u2022 Agrardienste \u2022 Rinderzucht","potentialAction":[{"@type":"SearchAction","target":{"@type":"EntryPoint","urlTemplate":"https:\/\/www.schneiderhof.com\/cms\/?s={search_term_string}"},"query-input":{"@type":"PropertyValueSpecification","valueRequired":true,"valueName":"search_term_string"}}],"inLanguage":"de"}]}},"_links":{"self":[{"href":"https:\/\/www.schneiderhof.com\/cms\/wp-json\/wp\/v2\/pages\/5","targetHints":{"allow":["GET"]}}],"collection":[{"href":"https:\/\/www.schneiderhof.com\/cms\/wp-json\/wp\/v2\/pages"}],"about":[{"href":"https:\/\/www.schneiderhof.com\/cms\/wp-json\/wp\/v2\/types\/page"}],"author":[{"embeddable":true,"href":"https:\/\/www.schneiderhof.com\/cms\/wp-json\/wp\/v2\/users\/1"}],"replies":[{"embeddable":true,"href":"https:\/\/www.schneiderhof.com\/cms\/wp-json\/wp\/v2\/comments?post=5"}],"version-history":[{"count":111,"href":"https:\/\/www.schneiderhof.com\/cms\/wp-json\/wp\/v2\/pages\/5\/revisions"}],"predecessor-version":[{"id":1337,"href":"https:\/\/www.schneiderhof.com\/cms\/wp-json\/wp\/v2\/pages\/5\/revisions\/1337"}],"wp:attachment":[{"href":"https:\/\/www.schneiderhof.com\/cms\/wp-json\/wp\/v2\/media?parent=5"}],"curies":[{"name":"wp","href":"https:\/\/api.w.org\/{rel}","templated":true}]}}