{"id":502,"date":"2012-07-02T14:43:29","date_gmt":"2012-07-02T12:43:29","guid":{"rendered":"http:\/\/your_website_url_here\/?page_id=502"},"modified":"2019-06-19T19:36:38","modified_gmt":"2019-06-19T17:36:38","slug":"splash","status":"publish","type":"page","link":"https:\/\/www.schneiderhof.com\/cms\/","title":{"rendered":"Begr\u00fcnung, Transporte &#038; Landwirtschaft"},"content":{"rendered":"<h2 class=\"clearfix\">Transporte, Schneer\u00e4umung und Landwirtschaft<\/h2>\n<div id=\"widget-footer\" class=\"clearfix\">Die Firma Franz Neuner &#8211; Transporte, Schneer\u00e4umung und Spritzbegr\u00fcnung &#8211; befinden sich in Leutasch an der grenze zu Mittenwald. Der Betrieb von Franz Neuner hat sich auf Rinderzucht der Rasse Galloway sowie auf Agrardienste wie Spritzbegr\u00fcnung, Schneer\u00e4umung und Transporte spezialisiert.\u00a0Fleischprodukte und das Landwirtschaftliche Ertragsgut wird auf dem Hof vertrieben und auf Wunsch auch geliefert. Landwirtschaftliche Dienste wie m\u00e4hen, heupressen und mulchen geh\u00f6ren im Sommer ebenso zu den Aufgaben von Franz Neuner wie im Winter schneer\u00e4umen und schneefr\u00e4sen.<\/div>\n<div class=\"clearfix\"><a href=\"https:\/\/www.schneiderhof.com\/cms\/wp-content\/uploads\/2011\/07\/Heutransport-Gerlos1-Kopie.jpg\"><img loading=\"lazy\" decoding=\"async\" class=\"alignleft wp-image-823 size-medium\" title=\"Heutransport\" src=\"https:\/\/www.schneiderhof.com\/cms\/wp-content\/uploads\/2011\/07\/Heutransport-Gerlos1-Kopie-300x225.jpg\" alt=\"Transporte und Heu\" width=\"300\" height=\"225\" srcset=\"https:\/\/www.schneiderhof.com\/cms\/wp-content\/uploads\/2011\/07\/Heutransport-Gerlos1-Kopie-300x225.jpg 300w, https:\/\/www.schneiderhof.com\/cms\/wp-content\/uploads\/2011\/07\/Heutransport-Gerlos1-Kopie.jpg 900w\" sizes=\"auto, (max-width: 300px) 100vw, 300px\" \/><\/a><\/div>\n","protected":false},"excerpt":{"rendered":"<p>Transporte, Schneer\u00e4umung und Landwirtschaft Die Firma Franz Neuner &#8211; Transporte, Schneer\u00e4umung und Spritzbegr\u00fcnung &#8211; befinden sich in Leutasch an der grenze zu Mittenwald. Der Betrieb von Franz Neuner hat sich auf Rinderzucht der Rasse Galloway sowie auf Agrardienste wie Spritzbegr\u00fcnung, Schneer\u00e4umung und Transporte spezialisiert.\u00a0Fleischprodukte und das Landwirtschaftliche Ertragsgut wird auf dem Hof vertrieben und auf Wunsch auch geliefert. Landwirtschaftliche Dienste wie m\u00e4hen, heupressen und mulchen geh\u00f6ren im Sommer ebenso zu den Aufgaben von Franz Neuner wie im Winter schneer\u00e4umen und schneefr\u00e4sen.<\/p>\n","protected":false},"author":1,"featured_media":0,"parent":0,"menu_order":0,"comment_status":"closed","ping_status":"closed","template":"page-splash.php","meta":{"footnotes":""},"class_list":["post-502","page","type-page","status-publish","hentry"],"yoast_head":"<!-- This site is optimized with the Yoast SEO plugin v25.3.1 - https:\/\/yoast.com\/wordpress\/plugins\/seo\/ -->\n<title>Begr\u00fcnung, Transporte &amp; Landwirtschaft - Agrardienste Franz Neuner<\/title>\n<meta name=\"description\" content=\"Wir sind spezialisiert auf landwirtschaftliche Agrardienste und die Rinderzucht der Rasse Galloway. Zus\u00e4tzlich bieten wir Spritzbegr\u00fcnung, Heu- Tansporte\" \/>\n<meta name=\"robots\" content=\"index, follow, max-snippet:-1, max-image-preview:large, max-video-preview:-1\" \/>\n<link rel=\"canonical\" href=\"https:\/\/www.schneiderhof.com\/cms\/\" \/>\n<script type=\"application\/ld+json\" class=\"yoast-schema-graph\">{\"@context\":\"https:\/\/schema.org\",\"@graph\":[{\"@type\":\"WebPage\",\"@id\":\"https:\/\/www.schneiderhof.com\/cms\/\",\"url\":\"https:\/\/www.schneiderhof.com\/cms\/\",\"name\":\"Begr\u00fcnung, Transporte & Landwirtschaft - Agrardienste Franz Neuner\",\"isPartOf\":{\"@id\":\"https:\/\/www.schneiderhof.com\/cms\/#website\"},\"primaryImageOfPage\":{\"@id\":\"https:\/\/www.schneiderhof.com\/cms\/#primaryimage\"},\"image\":{\"@id\":\"https:\/\/www.schneiderhof.com\/cms\/#primaryimage\"},\"thumbnailUrl\":\"https:\/\/www.schneiderhof.com\/cms\/wp-content\/uploads\/2011\/07\/Heutransport-Gerlos1-Kopie-300x225.jpg\",\"datePublished\":\"2012-07-02T12:43:29+00:00\",\"dateModified\":\"2019-06-19T17:36:38+00:00\",\"description\":\"Wir sind spezialisiert auf landwirtschaftliche Agrardienste und die Rinderzucht der Rasse Galloway. Zus\u00e4tzlich bieten wir Spritzbegr\u00fcnung, Heu- Tansporte\",\"breadcrumb\":{\"@id\":\"https:\/\/www.schneiderhof.com\/cms\/#breadcrumb\"},\"inLanguage\":\"de\",\"potentialAction\":[{\"@type\":\"ReadAction\",\"target\":[\"https:\/\/www.schneiderhof.com\/cms\/\"]}]},{\"@type\":\"ImageObject\",\"inLanguage\":\"de\",\"@id\":\"https:\/\/www.schneiderhof.com\/cms\/#primaryimage\",\"url\":\"https:\/\/www.schneiderhof.com\/cms\/wp-content\/uploads\/2011\/07\/Heutransport-Gerlos1-Kopie.jpg\",\"contentUrl\":\"https:\/\/www.schneiderhof.com\/cms\/wp-content\/uploads\/2011\/07\/Heutransport-Gerlos1-Kopie.jpg\",\"width\":900,\"height\":675,\"caption\":\"Transporte und Heu\"},{\"@type\":\"BreadcrumbList\",\"@id\":\"https:\/\/www.schneiderhof.com\/cms\/#breadcrumb\",\"itemListElement\":[{\"@type\":\"ListItem\",\"position\":1,\"name\":\"Home\",\"item\":\"https:\/\/www.schneiderhof.com\/cms\/\"},{\"@type\":\"ListItem\",\"position\":2,\"name\":\"Begr\u00fcnung, Transporte &#038; Landwirtschaft\"}]},{\"@type\":\"WebSite\",\"@id\":\"https:\/\/www.schneiderhof.com\/cms\/#website\",\"url\":\"https:\/\/www.schneiderhof.com\/cms\/\",\"name\":\"Franz Neuner\",\"description\":\"Transporte \u2022 Agrardienste \u2022 Rinderzucht\",\"potentialAction\":[{\"@type\":\"SearchAction\",\"target\":{\"@type\":\"EntryPoint\",\"urlTemplate\":\"https:\/\/www.schneiderhof.com\/cms\/?s={search_term_string}\"},\"query-input\":{\"@type\":\"PropertyValueSpecification\",\"valueRequired\":true,\"valueName\":\"search_term_string\"}}],\"inLanguage\":\"de\"}]}<\/script>\n<!-- \/ Yoast SEO plugin. -->","yoast_head_json":{"title":"Begr\u00fcnung, Transporte & Landwirtschaft - Agrardienste Franz Neuner","description":"Wir sind spezialisiert auf landwirtschaftliche Agrardienste und die Rinderzucht der Rasse Galloway. Zus\u00e4tzlich bieten wir Spritzbegr\u00fcnung, Heu- Tansporte","robots":{"index":"index","follow":"follow","max-snippet":"max-snippet:-1","max-image-preview":"max-image-preview:large","max-video-preview":"max-video-preview:-1"},"canonical":"https:\/\/www.schneiderhof.com\/cms\/","schema":{"@context":"https:\/\/schema.org","@graph":[{"@type":"WebPage","@id":"https:\/\/www.schneiderhof.com\/cms\/","url":"https:\/\/www.schneiderhof.com\/cms\/","name":"Begr\u00fcnung, Transporte & Landwirtschaft - Agrardienste Franz Neuner","isPartOf":{"@id":"https:\/\/www.schneiderhof.com\/cms\/#website"},"primaryImageOfPage":{"@id":"https:\/\/www.schneiderhof.com\/cms\/#primaryimage"},"image":{"@id":"https:\/\/www.schneiderhof.com\/cms\/#primaryimage"},"thumbnailUrl":"https:\/\/www.schneiderhof.com\/cms\/wp-content\/uploads\/2011\/07\/Heutransport-Gerlos1-Kopie-300x225.jpg","datePublished":"2012-07-02T12:43:29+00:00","dateModified":"2019-06-19T17:36:38+00:00","description":"Wir sind spezialisiert auf landwirtschaftliche Agrardienste und die Rinderzucht der Rasse Galloway. Zus\u00e4tzlich bieten wir Spritzbegr\u00fcnung, Heu- Tansporte","breadcrumb":{"@id":"https:\/\/www.schneiderhof.com\/cms\/#breadcrumb"},"inLanguage":"de","potentialAction":[{"@type":"ReadAction","target":["https:\/\/www.schneiderhof.com\/cms\/"]}]},{"@type":"ImageObject","inLanguage":"de","@id":"https:\/\/www.schneiderhof.com\/cms\/#primaryimage","url":"https:\/\/www.schneiderhof.com\/cms\/wp-content\/uploads\/2011\/07\/Heutransport-Gerlos1-Kopie.jpg","contentUrl":"https:\/\/www.schneiderhof.com\/cms\/wp-content\/uploads\/2011\/07\/Heutransport-Gerlos1-Kopie.jpg","width":900,"height":675,"caption":"Transporte und Heu"},{"@type":"BreadcrumbList","@id":"https:\/\/www.schneiderhof.com\/cms\/#breadcrumb","itemListElement":[{"@type":"ListItem","position":1,"name":"Home","item":"https:\/\/www.schneiderhof.com\/cms\/"},{"@type":"ListItem","position":2,"name":"Begr\u00fcnung, Transporte &#038; Landwirtschaft"}]},{"@type":"WebSite","@id":"https:\/\/www.schneiderhof.com\/cms\/#website","url":"https:\/\/www.schneiderhof.com\/cms\/","name":"Franz Neuner","description":"Transporte \u2022 Agrardienste \u2022 Rinderzucht","potentialAction":[{"@type":"SearchAction","target":{"@type":"EntryPoint","urlTemplate":"https:\/\/www.schneiderhof.com\/cms\/?s={search_term_string}"},"query-input":{"@type":"PropertyValueSpecification","valueRequired":true,"valueName":"search_term_string"}}],"inLanguage":"de"}]}},"_links":{"self":[{"href":"https:\/\/www.schneiderhof.com\/cms\/wp-json\/wp\/v2\/pages\/502","targetHints":{"allow":["GET"]}}],"collection":[{"href":"https:\/\/www.schneiderhof.com\/cms\/wp-json\/wp\/v2\/pages"}],"about":[{"href":"https:\/\/www.schneiderhof.com\/cms\/wp-json\/wp\/v2\/types\/page"}],"author":[{"embeddable":true,"href":"https:\/\/www.schneiderhof.com\/cms\/wp-json\/wp\/v2\/users\/1"}],"replies":[{"embeddable":true,"href":"https:\/\/www.schneiderhof.com\/cms\/wp-json\/wp\/v2\/comments?post=502"}],"version-history":[{"count":13,"href":"https:\/\/www.schneiderhof.com\/cms\/wp-json\/wp\/v2\/pages\/502\/revisions"}],"predecessor-version":[{"id":884,"href":"https:\/\/www.schneiderhof.com\/cms\/wp-json\/wp\/v2\/pages\/502\/revisions\/884"}],"wp:attachment":[{"href":"https:\/\/www.schneiderhof.com\/cms\/wp-json\/wp\/v2\/media?parent=502"}],"curies":[{"name":"wp","href":"https:\/\/api.w.org\/{rel}","templated":true}]}}