{"id":7,"date":"2011-07-14T19:45:42","date_gmt":"2011-07-14T17:45:42","guid":{"rendered":"http:\/\/your_website_url_here\/?page_id=7"},"modified":"2019-06-19T19:37:09","modified_gmt":"2019-06-19T17:37:09","slug":"rinderzucht","status":"publish","type":"page","link":"https:\/\/www.schneiderhof.com\/cms\/rinderzucht\/","title":{"rendered":"Rinderzucht"},"content":{"rendered":"<h2><div class=\"clear\"><\/div><\/h2>\n<h2><a href=\"https:\/\/www.schneiderhof.com\/cms\/wp-content\/uploads\/2011\/07\/Galloway-Bild-300x2522.jpg\"><img loading=\"lazy\" decoding=\"async\" class=\"alignleft wp-image-951 size-full\" src=\"https:\/\/www.schneiderhof.com\/cms\/wp-content\/uploads\/2011\/07\/Galloway-Bild-300x2522.jpg\" alt=\"\" width=\"300\" height=\"252\" \/><\/a>Unsere Galloways<\/h2>\n<p>Der Schneiderhof wurde im Jahr 1794 erbaut und laufend erweitert sowie modernisiert. Zum Betrieb, den wir zu 100% biologisch f\u00fchren, geh\u00f6ren ca. 14 ha Wiesen und Weiden. Diese bieten auch die Futtergrundlage f\u00fcr unsere Tiere. W\u00e4hrend der Sommermonate grasen die Rinder auf den saftigen Almen im Gaistal. Den Winter verbringen die Tiere in einem, den Tiergesundheitsrichtlinien entsprechenden, neu erbauten Laufstall.<br \/>\nSeit 1994 sind wir auf die Z\u00fcchtung und Vermarktung von der Rinderrasse Galloway spezialisiert. Das Fleisch der Galloway besitzt ein besonderes Aroma und es ist sehr zart und feinfasrig. Man schmeckt, dass die Tiere das ganze Jahr, ob Sommer oder Winter im freien sind, die frische Bergluft atmen und st\u00e4ndig in Bewegung sind. Darum sollte es jeder Fleischliebhaber probiert haben. Eine besondere Delikatesse ist der Speck der aus Gallowayfleisch produziert wird &#8211; w\u00fcrzig und zart &#8211; geschmacklich ein Traum! <div class=\"clear\"><\/div>\n<div id=\"jig1\" class=\"justified-image-grid jig-56e3538b082ad45d2ebbf7396a10577e jig-preset-global jig-source-wp-gallery\"><div class=\"jig-clearfix\"><\/div><noscript id=\"jig1-html\" class=\"justified-image-grid-html\" data-lazy-src=\"skiplazyload\" data-src=\"skipunveillazyload\"><ul><li><a href=\"https:\/\/www.schneiderhof.com\/cms\/wp-content\/uploads\/2011\/07\/Galloway_02.png\" title=\"Galloway_02\"><img loading=\"lazy\" decoding=\"async\" src=\"https:\/\/www.schneiderhof.com\/cms\/wp-content\/plugins\/justified-image-grid\/timthumb.php?src=https%3A%2F%2Fwww.schneiderhof.com%2Fcms%2Fwp-content%2Fuploads%2F2011%2F07%2FGalloway_02.png&amp;h=280&amp;q=90&amp;f=.png\" alt=\"Galloway_02\" width=\"421\" height=\"280\" \/><\/a><p class=\"jig-HTMLdescription\">Galloway_02<\/p><\/li><li><a href=\"https:\/\/www.schneiderhof.com\/cms\/wp-content\/uploads\/2011\/07\/Galloway-30.jpg\"><img loading=\"lazy\" decoding=\"async\" src=\"https:\/\/www.schneiderhof.com\/cms\/wp-content\/plugins\/justified-image-grid\/timthumb.php?src=https%3A%2F%2Fwww.schneiderhof.com%2Fcms%2Fwp-content%2Fuploads%2F2011%2F07%2FGalloway-30.jpg&amp;h=280&amp;q=90&amp;f=.jpg\" alt=\"Ricoh Image\" width=\"373\" height=\"280\" \/><\/a><p class=\"jig-HTMLdescription\">Ricoh Image<\/p><\/li><li><a href=\"https:\/\/www.schneiderhof.com\/cms\/wp-content\/uploads\/2011\/07\/Galloway-Herbstweide-2011-6.jpg\"><img loading=\"lazy\" decoding=\"async\" src=\"https:\/\/www.schneiderhof.com\/cms\/wp-content\/plugins\/justified-image-grid\/timthumb.php?src=https%3A%2F%2Fwww.schneiderhof.com%2Fcms%2Fwp-content%2Fuploads%2F2011%2F07%2FGalloway-Herbstweide-2011-6.jpg&amp;h=280&amp;q=90&amp;f=.jpg\" alt=\"Galloway-Herbstweide 2011 (6)\" width=\"373\" height=\"280\" \/><\/a><p class=\"jig-HTMLdescription\">Galloway-Herbstweide 2011 (6)<\/p><\/li><li><a href=\"https:\/\/www.schneiderhof.com\/cms\/wp-content\/uploads\/2011\/07\/Galloway-Almauftrieb-2.jpg\"><img loading=\"lazy\" decoding=\"async\" src=\"https:\/\/www.schneiderhof.com\/cms\/wp-content\/plugins\/justified-image-grid\/timthumb.php?src=https%3A%2F%2Fwww.schneiderhof.com%2Fcms%2Fwp-content%2Fuploads%2F2011%2F07%2FGalloway-Almauftrieb-2.jpg&amp;h=280&amp;q=90&amp;f=.jpg\" alt=\"Galloway-Almauftrieb 2\" width=\"373\" height=\"280\" \/><\/a><p class=\"jig-HTMLdescription\">Galloway-Almauftrieb 2<\/p><\/li><li><a href=\"https:\/\/www.schneiderhof.com\/cms\/wp-content\/uploads\/2011\/07\/Galloway-Heimweide-6.jpg\"><img loading=\"lazy\" decoding=\"async\" src=\"https:\/\/www.schneiderhof.com\/cms\/wp-content\/plugins\/justified-image-grid\/timthumb.php?src=https%3A%2F%2Fwww.schneiderhof.com%2Fcms%2Fwp-content%2Fuploads%2F2011%2F07%2FGalloway-Heimweide-6.jpg&amp;h=280&amp;q=90&amp;f=.jpg\" alt=\"Galloway-Heimweide 6\" width=\"373\" height=\"280\" \/><\/a><p class=\"jig-HTMLdescription\">Galloway-Heimweide 6<\/p><\/li><li><a href=\"https:\/\/www.schneiderhof.com\/cms\/wp-content\/uploads\/2011\/07\/Galloway-Herbstweide-2011-3.jpg\"><img loading=\"lazy\" decoding=\"async\" src=\"https:\/\/www.schneiderhof.com\/cms\/wp-content\/plugins\/justified-image-grid\/timthumb.php?src=https%3A%2F%2Fwww.schneiderhof.com%2Fcms%2Fwp-content%2Fuploads%2F2011%2F07%2FGalloway-Herbstweide-2011-3.jpg&amp;h=280&amp;q=90&amp;f=.jpg\" alt=\"Galloway-Herbstweide 2011 (3)\" width=\"373\" height=\"280\" \/><\/a><p class=\"jig-HTMLdescription\">Galloway-Herbstweide 2011 (3)<\/p><\/li><li><a href=\"https:\/\/www.schneiderhof.com\/cms\/wp-content\/uploads\/2011\/07\/Galloway-Herbstweide-2011-5.jpg\"><img loading=\"lazy\" decoding=\"async\" src=\"https:\/\/www.schneiderhof.com\/cms\/wp-content\/plugins\/justified-image-grid\/timthumb.php?src=https%3A%2F%2Fwww.schneiderhof.com%2Fcms%2Fwp-content%2Fuploads%2F2011%2F07%2FGalloway-Herbstweide-2011-5.jpg&amp;h=280&amp;q=90&amp;f=.jpg\" alt=\"Galloway-Herbstweide 2011 (5)\" width=\"373\" height=\"280\" \/><\/a><p class=\"jig-HTMLdescription\">Galloway-Herbstweide 2011 (5)<\/p><\/li><li><a href=\"https:\/\/www.schneiderhof.com\/cms\/wp-content\/uploads\/2011\/07\/Galloway-Herbstweide-2011-10.jpg\"><img loading=\"lazy\" decoding=\"async\" src=\"https:\/\/www.schneiderhof.com\/cms\/wp-content\/plugins\/justified-image-grid\/timthumb.php?src=https%3A%2F%2Fwww.schneiderhof.com%2Fcms%2Fwp-content%2Fuploads%2F2011%2F07%2FGalloway-Herbstweide-2011-10.jpg&amp;h=280&amp;q=90&amp;f=.jpg\" alt=\"Galloway-Herbstweide 2011 (10)\" width=\"373\" height=\"280\" \/><\/a><p class=\"jig-HTMLdescription\">Galloway-Herbstweide 2011 (10)<\/p><\/li><li><a href=\"https:\/\/www.schneiderhof.com\/cms\/wp-content\/uploads\/2011\/07\/Galloway1.jpg\" title=\"Galloway1\"><img loading=\"lazy\" decoding=\"async\" src=\"https:\/\/www.schneiderhof.com\/cms\/wp-content\/plugins\/justified-image-grid\/timthumb.php?src=https%3A%2F%2Fwww.schneiderhof.com%2Fcms%2Fwp-content%2Fuploads%2F2011%2F07%2FGalloway1.jpg&amp;h=280&amp;q=90&amp;f=.jpg\" alt=\"OLYMPUS DIGITAL CAMERA\" width=\"373\" height=\"280\" \/><\/a><p class=\"jig-HTMLdescription\">OLYMPUS DIGITAL CAMERA<br\/>Galloway1<\/p><\/li><\/ul><\/noscript><\/div>\n<div class=\"clear\"><\/div><div class=\"hr\"><!-- --><\/div>\n<h2>Fleischprodukte<\/h2>\n<h2><a href=\"https:\/\/www.schneiderhof.com\/cms\/wp-content\/uploads\/2011\/07\/fleisch.png\"><img loading=\"lazy\" decoding=\"async\" class=\"alignleft wp-image-628 size-medium\" src=\"https:\/\/www.schneiderhof.com\/cms\/wp-content\/uploads\/2011\/07\/fleisch-300x167.png\" alt=\"\" width=\"300\" height=\"167\" srcset=\"https:\/\/www.schneiderhof.com\/cms\/wp-content\/uploads\/2011\/07\/fleisch-300x167.png 300w, https:\/\/www.schneiderhof.com\/cms\/wp-content\/uploads\/2011\/07\/fleisch.png 612w\" sizes=\"auto, (max-width: 300px) 100vw, 300px\" \/><\/a>Mischpakete<\/h2>\n<p>Der Inhalt eines k\u00fcchenfertigen Mischpaketes besteht aus: Rostbraten, Braten, Schnitzel, T-Bone Steaks, Tafelspitz, Gulaschfleisch, Faschiertem, Beinfleisch und auf Wunsch Knochen.<br \/>\nDie Mischpakete sind portioniert, vakuumiert und beschriftet.<\/p>\n<p>Sie interresieren sich f\u00fcr ein Galloway-Fleisch Mischpaket? Kontaktieren Sie uns unter<br \/>\nTel.: 0043 (0)664 21 21 041 oder per Email: schneiderhof@aon.at.<br \/>\n<div class=\"clear\"><\/div><div class=\"hr\"><!-- --><\/div>\n<h2><a href=\"https:\/\/www.schneiderhof.com\/cms\/wp-content\/uploads\/2011\/07\/zuschnitte.png\"><img loading=\"lazy\" decoding=\"async\" class=\"alignleft size-medium wp-image-629\" src=\"https:\/\/www.schneiderhof.com\/cms\/wp-content\/uploads\/2011\/07\/zuschnitte-300x202.png\" alt=\"zuschnitte\" width=\"300\" height=\"202\" srcset=\"https:\/\/www.schneiderhof.com\/cms\/wp-content\/uploads\/2011\/07\/zuschnitte-300x202.png 300w, https:\/\/www.schneiderhof.com\/cms\/wp-content\/uploads\/2011\/07\/zuschnitte.png 770w\" sizes=\"auto, (max-width: 300px) 100vw, 300px\" \/><\/a>Wo kommt was her?<\/h2>\n<p>AMA stellt eine umfangreiche Brosch\u00fcre &#8211; &#8222;Alles \u00fcber Fleisch&#8220; &#8211; kostenlos zur Verf\u00fcgung. Bei der Fleischverarbeitung dient diese als Grundlage. Eine genaue Auflistung im inneren der Brosch\u00fcre zeigt, wo welches St\u00fcck Fleisch herkommt und wie man es am besten verarbeitet.<\/p>\n<p><a title=\"Brosch\u00fcre AMA - Alles \u00fcber Fleisch\" href=\"https:\/\/www.schneiderhof.com\/cms\/wp-content\/uploads\/2014\/09\/AllesueberFleisch_Web.pdf\" target=\"_blank\">&gt; download Brosch\u00fcre (AMA)<\/a><\/p>\n<div class=\"clear\"><\/div><div class=\"hr\"><!-- --><\/div>\n<p>&nbsp;<\/p>\n","protected":false},"excerpt":{"rendered":"<p>Unsere Galloways Der Schneiderhof wurde im Jahr 1794 erbaut und laufend erweitert sowie modernisiert. Zum Betrieb, den wir zu 100% biologisch f\u00fchren, geh\u00f6ren ca. 14 ha Wiesen und Weiden. Diese bieten auch die Futtergrundlage f\u00fcr unsere Tiere. W\u00e4hrend der Sommermonate grasen die Rinder auf den saftigen Almen im Gaistal. Den Winter verbringen die Tiere in einem, den Tiergesundheitsrichtlinien entsprechenden, neu erbauten Laufstall. Seit 1994 sind wir auf die Z\u00fcchtung und Vermarktung von der Rinderrasse Galloway spezialisiert. Das Fleisch der Galloway besitzt ein besonderes Aroma und es ist sehr zart und feinfasrig. Man schmeckt, dass die Tiere das ganze Jahr, ob&nbsp;<a href=\"https:\/\/www.schneiderhof.com\/cms\/rinderzucht\/\" class=\"read-more\">Continue Reading<\/a><\/p>\n","protected":false},"author":1,"featured_media":0,"parent":0,"menu_order":1,"comment_status":"closed","ping_status":"closed","template":"","meta":{"footnotes":""},"class_list":["post-7","page","type-page","status-publish","hentry"],"yoast_head":"<!-- This site is optimized with the Yoast SEO plugin v25.3.1 - https:\/\/yoast.com\/wordpress\/plugins\/seo\/ -->\n<title>Rinderzucht - Agrardienste Franz Neuner<\/title>\n<meta name=\"description\" content=\"Auf landwirtschaftliche Agrardienste und Rinderzucht - Rasse Galloway spezialisierter Betrieb. Bietet auch Spritzbegr\u00fcnung, Heu- Tansporte und Schneer\u00e4umung\" \/>\n<meta name=\"robots\" content=\"index, follow, max-snippet:-1, max-image-preview:large, max-video-preview:-1\" \/>\n<link rel=\"canonical\" href=\"https:\/\/www.schneiderhof.com\/cms\/rinderzucht\/\" \/>\n<meta name=\"twitter:label1\" content=\"Gesch\u00e4tzte Lesezeit\" \/>\n\t<meta name=\"twitter:data1\" content=\"1\u00a0Minute\" \/>\n<script type=\"application\/ld+json\" class=\"yoast-schema-graph\">{\"@context\":\"https:\/\/schema.org\",\"@graph\":[{\"@type\":\"WebPage\",\"@id\":\"https:\/\/www.schneiderhof.com\/cms\/rinderzucht\/\",\"url\":\"https:\/\/www.schneiderhof.com\/cms\/rinderzucht\/\",\"name\":\"Rinderzucht - Agrardienste Franz Neuner\",\"isPartOf\":{\"@id\":\"https:\/\/www.schneiderhof.com\/cms\/#website\"},\"primaryImageOfPage\":{\"@id\":\"https:\/\/www.schneiderhof.com\/cms\/rinderzucht\/#primaryimage\"},\"image\":{\"@id\":\"https:\/\/www.schneiderhof.com\/cms\/rinderzucht\/#primaryimage\"},\"thumbnailUrl\":\"https:\/\/www.schneiderhof.com\/cms\/wp-content\/uploads\/2011\/07\/Galloway-Bild-300x2522.jpg\",\"datePublished\":\"2011-07-14T17:45:42+00:00\",\"dateModified\":\"2019-06-19T17:37:09+00:00\",\"description\":\"Auf landwirtschaftliche Agrardienste und Rinderzucht - Rasse Galloway spezialisierter Betrieb. Bietet auch Spritzbegr\u00fcnung, Heu- Tansporte und Schneer\u00e4umung\",\"breadcrumb\":{\"@id\":\"https:\/\/www.schneiderhof.com\/cms\/rinderzucht\/#breadcrumb\"},\"inLanguage\":\"de\",\"potentialAction\":[{\"@type\":\"ReadAction\",\"target\":[\"https:\/\/www.schneiderhof.com\/cms\/rinderzucht\/\"]}]},{\"@type\":\"ImageObject\",\"inLanguage\":\"de\",\"@id\":\"https:\/\/www.schneiderhof.com\/cms\/rinderzucht\/#primaryimage\",\"url\":\"https:\/\/www.schneiderhof.com\/cms\/wp-content\/uploads\/2011\/07\/Galloway-Bild-300x2522.jpg\",\"contentUrl\":\"https:\/\/www.schneiderhof.com\/cms\/wp-content\/uploads\/2011\/07\/Galloway-Bild-300x2522.jpg\"},{\"@type\":\"BreadcrumbList\",\"@id\":\"https:\/\/www.schneiderhof.com\/cms\/rinderzucht\/#breadcrumb\",\"itemListElement\":[{\"@type\":\"ListItem\",\"position\":1,\"name\":\"Home\",\"item\":\"https:\/\/www.schneiderhof.com\/cms\/\"},{\"@type\":\"ListItem\",\"position\":2,\"name\":\"Rinderzucht\"}]},{\"@type\":\"WebSite\",\"@id\":\"https:\/\/www.schneiderhof.com\/cms\/#website\",\"url\":\"https:\/\/www.schneiderhof.com\/cms\/\",\"name\":\"Franz Neuner\",\"description\":\"Transporte \u2022 Agrardienste \u2022 Rinderzucht\",\"potentialAction\":[{\"@type\":\"SearchAction\",\"target\":{\"@type\":\"EntryPoint\",\"urlTemplate\":\"https:\/\/www.schneiderhof.com\/cms\/?s={search_term_string}\"},\"query-input\":{\"@type\":\"PropertyValueSpecification\",\"valueRequired\":true,\"valueName\":\"search_term_string\"}}],\"inLanguage\":\"de\"}]}<\/script>\n<!-- \/ Yoast SEO plugin. -->","yoast_head_json":{"title":"Rinderzucht - Agrardienste Franz Neuner","description":"Auf landwirtschaftliche Agrardienste und Rinderzucht - Rasse Galloway spezialisierter Betrieb. Bietet auch Spritzbegr\u00fcnung, Heu- Tansporte und Schneer\u00e4umung","robots":{"index":"index","follow":"follow","max-snippet":"max-snippet:-1","max-image-preview":"max-image-preview:large","max-video-preview":"max-video-preview:-1"},"canonical":"https:\/\/www.schneiderhof.com\/cms\/rinderzucht\/","twitter_misc":{"Gesch\u00e4tzte Lesezeit":"1\u00a0Minute"},"schema":{"@context":"https:\/\/schema.org","@graph":[{"@type":"WebPage","@id":"https:\/\/www.schneiderhof.com\/cms\/rinderzucht\/","url":"https:\/\/www.schneiderhof.com\/cms\/rinderzucht\/","name":"Rinderzucht - Agrardienste Franz Neuner","isPartOf":{"@id":"https:\/\/www.schneiderhof.com\/cms\/#website"},"primaryImageOfPage":{"@id":"https:\/\/www.schneiderhof.com\/cms\/rinderzucht\/#primaryimage"},"image":{"@id":"https:\/\/www.schneiderhof.com\/cms\/rinderzucht\/#primaryimage"},"thumbnailUrl":"https:\/\/www.schneiderhof.com\/cms\/wp-content\/uploads\/2011\/07\/Galloway-Bild-300x2522.jpg","datePublished":"2011-07-14T17:45:42+00:00","dateModified":"2019-06-19T17:37:09+00:00","description":"Auf landwirtschaftliche Agrardienste und Rinderzucht - Rasse Galloway spezialisierter Betrieb. Bietet auch Spritzbegr\u00fcnung, Heu- Tansporte und Schneer\u00e4umung","breadcrumb":{"@id":"https:\/\/www.schneiderhof.com\/cms\/rinderzucht\/#breadcrumb"},"inLanguage":"de","potentialAction":[{"@type":"ReadAction","target":["https:\/\/www.schneiderhof.com\/cms\/rinderzucht\/"]}]},{"@type":"ImageObject","inLanguage":"de","@id":"https:\/\/www.schneiderhof.com\/cms\/rinderzucht\/#primaryimage","url":"https:\/\/www.schneiderhof.com\/cms\/wp-content\/uploads\/2011\/07\/Galloway-Bild-300x2522.jpg","contentUrl":"https:\/\/www.schneiderhof.com\/cms\/wp-content\/uploads\/2011\/07\/Galloway-Bild-300x2522.jpg"},{"@type":"BreadcrumbList","@id":"https:\/\/www.schneiderhof.com\/cms\/rinderzucht\/#breadcrumb","itemListElement":[{"@type":"ListItem","position":1,"name":"Home","item":"https:\/\/www.schneiderhof.com\/cms\/"},{"@type":"ListItem","position":2,"name":"Rinderzucht"}]},{"@type":"WebSite","@id":"https:\/\/www.schneiderhof.com\/cms\/#website","url":"https:\/\/www.schneiderhof.com\/cms\/","name":"Franz Neuner","description":"Transporte \u2022 Agrardienste \u2022 Rinderzucht","potentialAction":[{"@type":"SearchAction","target":{"@type":"EntryPoint","urlTemplate":"https:\/\/www.schneiderhof.com\/cms\/?s={search_term_string}"},"query-input":{"@type":"PropertyValueSpecification","valueRequired":true,"valueName":"search_term_string"}}],"inLanguage":"de"}]}},"_links":{"self":[{"href":"https:\/\/www.schneiderhof.com\/cms\/wp-json\/wp\/v2\/pages\/7","targetHints":{"allow":["GET"]}}],"collection":[{"href":"https:\/\/www.schneiderhof.com\/cms\/wp-json\/wp\/v2\/pages"}],"about":[{"href":"https:\/\/www.schneiderhof.com\/cms\/wp-json\/wp\/v2\/types\/page"}],"author":[{"embeddable":true,"href":"https:\/\/www.schneiderhof.com\/cms\/wp-json\/wp\/v2\/users\/1"}],"replies":[{"embeddable":true,"href":"https:\/\/www.schneiderhof.com\/cms\/wp-json\/wp\/v2\/comments?post=7"}],"version-history":[{"count":67,"href":"https:\/\/www.schneiderhof.com\/cms\/wp-json\/wp\/v2\/pages\/7\/revisions"}],"predecessor-version":[{"id":1053,"href":"https:\/\/www.schneiderhof.com\/cms\/wp-json\/wp\/v2\/pages\/7\/revisions\/1053"}],"wp:attachment":[{"href":"https:\/\/www.schneiderhof.com\/cms\/wp-json\/wp\/v2\/media?parent=7"}],"curies":[{"name":"wp","href":"https:\/\/api.w.org\/{rel}","templated":true}]}}