{"id":932,"date":"2014-11-11T16:33:54","date_gmt":"2014-11-11T14:33:54","guid":{"rendered":"http:\/\/www.schneiderhof.com\/cms\/?page_id=932"},"modified":"2020-03-27T11:39:57","modified_gmt":"2020-03-27T09:39:57","slug":"fleischprodukte","status":"publish","type":"page","link":"https:\/\/www.schneiderhof.com\/cms\/fleischprodukte\/","title":{"rendered":"Fleischprodukte"},"content":{"rendered":"<h2>Fleischprodukte<\/h2>\n<h2>Mischpakete<\/h2>\n<p>Der Inhalt eines k\u00fcchenfertigen Mischpaketes besteht aus: Rostbraten, Braten, Schnitzel, T-Bone Steaks, Tafelspitz, Gulaschfleisch, Faschiertem, Beinfleisch und auf Wunsch Knochen.<br \/>\nDie Mischpakete sind portioniert, vakuumiert und beschriftet.<\/p>\n<p>Sie interresieren sich f\u00fcr ein Galloway-Fleisch Mischpaket? Kontaktiren Sie uns unter<br \/>\nTel.: 0043 (0)664 21 21 041 oder per Email: schneiderhof@aon.at.<br \/>\n<div class=\"clear\"><\/div><div class=\"hr\"><!-- --><\/div>\n<h2>Wo kommt was her?<\/h2>\n<p>AMA stellt eine umfangreiche Brosch\u00fcre &#8211; &#8222;Alles \u00fcber Fleisch&#8220; &#8211; kostenlos zur Verf\u00fcgung. Bei der Fleischverarbeitung dient diese als Grundlage. Eine genaue Auflistung im inneren der Brosch\u00fcre zeigt, wo welches St\u00fcck Fleisch herkommt und wie man es am besten verarbeitet.<\/p>\n<p><a title=\"Brosch\u00fcre AMA - Alles \u00fcber Fleisch\" href=\"https:\/\/www.schneiderhof.com\/cms\/wp-content\/uploads\/2014\/09\/AllesueberFleisch_Web.pdf\" target=\"_blank\">&gt; download Brosch\u00fcre (AMA)<\/a><\/p>\n<div class=\"clear\"><\/div><div class=\"hr\"><!-- --><\/div>\n<p>&nbsp;<\/p>\n<p>&nbsp;<\/p>\n","protected":false},"excerpt":{"rendered":"<p>Fleischprodukte Mischpakete Der Inhalt eines k\u00fcchenfertigen Mischpaketes besteht aus: Rostbraten, Braten, Schnitzel, T-Bone Steaks, Tafelspitz, Gulaschfleisch, Faschiertem, Beinfleisch und auf Wunsch Knochen. Die Mischpakete sind portioniert, vakuumiert und beschriftet. Sie interresieren sich f\u00fcr ein Galloway-Fleisch Mischpaket? Kontaktiren Sie uns unter Tel.: 0043 (0)664 21 21 041 oder per Email: schneiderhof@aon.at. Wo kommt was her? AMA stellt eine umfangreiche Brosch\u00fcre &#8211; &#8222;Alles \u00fcber Fleisch&#8220; &#8211; kostenlos zur Verf\u00fcgung. Bei der Fleischverarbeitung dient diese als Grundlage. Eine genaue Auflistung im inneren der Brosch\u00fcre zeigt, wo welches St\u00fcck Fleisch herkommt und wie man es am besten verarbeitet. &gt; download Brosch\u00fcre (AMA) &nbsp; &nbsp;<\/p>\n","protected":false},"author":1,"featured_media":0,"parent":0,"menu_order":0,"comment_status":"closed","ping_status":"closed","template":"","meta":{"footnotes":""},"class_list":["post-932","page","type-page","status-publish","hentry"],"yoast_head":"<!-- This site is optimized with the Yoast SEO plugin v25.3.1 - https:\/\/yoast.com\/wordpress\/plugins\/seo\/ -->\n<title>Fleischprodukte - Agrardienste Franz Neuner<\/title>\n<meta name=\"description\" content=\"Auf landwirtschaftliche Agrardienste und Rinderzucht - Rasse Galloway spezialisierter Betrieb. Bietet auch Spritzbegr\u00fcnung, Heu- Tansporte und Schneer\u00e4umung\" \/>\n<meta name=\"robots\" content=\"index, follow, max-snippet:-1, max-image-preview:large, max-video-preview:-1\" \/>\n<link rel=\"canonical\" href=\"https:\/\/www.schneiderhof.com\/cms\/fleischprodukte\/\" \/>\n<meta name=\"twitter:label1\" content=\"Gesch\u00e4tzte Lesezeit\" \/>\n\t<meta name=\"twitter:data1\" content=\"1\u00a0Minute\" \/>\n<script type=\"application\/ld+json\" class=\"yoast-schema-graph\">{\"@context\":\"https:\/\/schema.org\",\"@graph\":[{\"@type\":\"WebPage\",\"@id\":\"https:\/\/www.schneiderhof.com\/cms\/fleischprodukte\/\",\"url\":\"https:\/\/www.schneiderhof.com\/cms\/fleischprodukte\/\",\"name\":\"Fleischprodukte - Agrardienste Franz Neuner\",\"isPartOf\":{\"@id\":\"https:\/\/www.schneiderhof.com\/cms\/#website\"},\"datePublished\":\"2014-11-11T14:33:54+00:00\",\"dateModified\":\"2020-03-27T09:39:57+00:00\",\"description\":\"Auf landwirtschaftliche Agrardienste und Rinderzucht - Rasse Galloway spezialisierter Betrieb. Bietet auch Spritzbegr\u00fcnung, Heu- Tansporte und Schneer\u00e4umung\",\"breadcrumb\":{\"@id\":\"https:\/\/www.schneiderhof.com\/cms\/fleischprodukte\/#breadcrumb\"},\"inLanguage\":\"de\",\"potentialAction\":[{\"@type\":\"ReadAction\",\"target\":[\"https:\/\/www.schneiderhof.com\/cms\/fleischprodukte\/\"]}]},{\"@type\":\"BreadcrumbList\",\"@id\":\"https:\/\/www.schneiderhof.com\/cms\/fleischprodukte\/#breadcrumb\",\"itemListElement\":[{\"@type\":\"ListItem\",\"position\":1,\"name\":\"Home\",\"item\":\"https:\/\/www.schneiderhof.com\/cms\/\"},{\"@type\":\"ListItem\",\"position\":2,\"name\":\"Fleischprodukte\"}]},{\"@type\":\"WebSite\",\"@id\":\"https:\/\/www.schneiderhof.com\/cms\/#website\",\"url\":\"https:\/\/www.schneiderhof.com\/cms\/\",\"name\":\"Franz Neuner\",\"description\":\"Transporte \u2022 Agrardienste \u2022 Rinderzucht\",\"potentialAction\":[{\"@type\":\"SearchAction\",\"target\":{\"@type\":\"EntryPoint\",\"urlTemplate\":\"https:\/\/www.schneiderhof.com\/cms\/?s={search_term_string}\"},\"query-input\":{\"@type\":\"PropertyValueSpecification\",\"valueRequired\":true,\"valueName\":\"search_term_string\"}}],\"inLanguage\":\"de\"}]}<\/script>\n<!-- \/ Yoast SEO plugin. -->","yoast_head_json":{"title":"Fleischprodukte - Agrardienste Franz Neuner","description":"Auf landwirtschaftliche Agrardienste und Rinderzucht - Rasse Galloway spezialisierter Betrieb. Bietet auch Spritzbegr\u00fcnung, Heu- Tansporte und Schneer\u00e4umung","robots":{"index":"index","follow":"follow","max-snippet":"max-snippet:-1","max-image-preview":"max-image-preview:large","max-video-preview":"max-video-preview:-1"},"canonical":"https:\/\/www.schneiderhof.com\/cms\/fleischprodukte\/","twitter_misc":{"Gesch\u00e4tzte Lesezeit":"1\u00a0Minute"},"schema":{"@context":"https:\/\/schema.org","@graph":[{"@type":"WebPage","@id":"https:\/\/www.schneiderhof.com\/cms\/fleischprodukte\/","url":"https:\/\/www.schneiderhof.com\/cms\/fleischprodukte\/","name":"Fleischprodukte - Agrardienste Franz Neuner","isPartOf":{"@id":"https:\/\/www.schneiderhof.com\/cms\/#website"},"datePublished":"2014-11-11T14:33:54+00:00","dateModified":"2020-03-27T09:39:57+00:00","description":"Auf landwirtschaftliche Agrardienste und Rinderzucht - Rasse Galloway spezialisierter Betrieb. Bietet auch Spritzbegr\u00fcnung, Heu- Tansporte und Schneer\u00e4umung","breadcrumb":{"@id":"https:\/\/www.schneiderhof.com\/cms\/fleischprodukte\/#breadcrumb"},"inLanguage":"de","potentialAction":[{"@type":"ReadAction","target":["https:\/\/www.schneiderhof.com\/cms\/fleischprodukte\/"]}]},{"@type":"BreadcrumbList","@id":"https:\/\/www.schneiderhof.com\/cms\/fleischprodukte\/#breadcrumb","itemListElement":[{"@type":"ListItem","position":1,"name":"Home","item":"https:\/\/www.schneiderhof.com\/cms\/"},{"@type":"ListItem","position":2,"name":"Fleischprodukte"}]},{"@type":"WebSite","@id":"https:\/\/www.schneiderhof.com\/cms\/#website","url":"https:\/\/www.schneiderhof.com\/cms\/","name":"Franz Neuner","description":"Transporte \u2022 Agrardienste \u2022 Rinderzucht","potentialAction":[{"@type":"SearchAction","target":{"@type":"EntryPoint","urlTemplate":"https:\/\/www.schneiderhof.com\/cms\/?s={search_term_string}"},"query-input":{"@type":"PropertyValueSpecification","valueRequired":true,"valueName":"search_term_string"}}],"inLanguage":"de"}]}},"_links":{"self":[{"href":"https:\/\/www.schneiderhof.com\/cms\/wp-json\/wp\/v2\/pages\/932","targetHints":{"allow":["GET"]}}],"collection":[{"href":"https:\/\/www.schneiderhof.com\/cms\/wp-json\/wp\/v2\/pages"}],"about":[{"href":"https:\/\/www.schneiderhof.com\/cms\/wp-json\/wp\/v2\/types\/page"}],"author":[{"embeddable":true,"href":"https:\/\/www.schneiderhof.com\/cms\/wp-json\/wp\/v2\/users\/1"}],"replies":[{"embeddable":true,"href":"https:\/\/www.schneiderhof.com\/cms\/wp-json\/wp\/v2\/comments?post=932"}],"version-history":[{"count":7,"href":"https:\/\/www.schneiderhof.com\/cms\/wp-json\/wp\/v2\/pages\/932\/revisions"}],"predecessor-version":[{"id":1807,"href":"https:\/\/www.schneiderhof.com\/cms\/wp-json\/wp\/v2\/pages\/932\/revisions\/1807"}],"wp:attachment":[{"href":"https:\/\/www.schneiderhof.com\/cms\/wp-json\/wp\/v2\/media?parent=932"}],"curies":[{"name":"wp","href":"https:\/\/api.w.org\/{rel}","templated":true}]}}